{"id":2,"date":"2024-08-31T11:42:50","date_gmt":"2024-08-31T11:42:50","guid":{"rendered":"https:\/\/kainuunkirjailijat.fi\/?page_id=2"},"modified":"2026-05-07T02:36:50","modified_gmt":"2026-05-07T02:36:50","slug":"sample-page","status":"publish","type":"page","link":"https:\/\/kainuunkirjailijat.fi\/index.php\/sample-page\/","title":{"rendered":"Yhteystiedot"},"content":{"rendered":"<h2>Yhteystiedot<\/h2>\n<p>Kainuun Kirjailijat ry<br \/>\nLontanniementie 1B<br \/>\n88620 Korholanm\u00e4ki<\/p>\n<p>S\u00e4hk\u00f6posti<br \/>\n<strong>kainuunkirjailijat@gmail.com<\/strong><\/p>\n<h2>Yhteyshenkil\u00f6t<\/h2>\n<p>Puheenjohtaja<br \/>\n<strong>P\u00e4ivi Myllynen<\/strong><\/p>\n<p>Sihteeri<br \/>\n<strong>Katja Svala<\/strong><\/p>\n","protected":false},"excerpt":{"rendered":"<p>Yhteystiedot Kainuun Kirjailijat ry Lontanniementie 1B 88620 Korholanm\u00e4ki S\u00e4hk\u00f6posti kainuunkirjailijat@gmail.com Yhteyshenkil\u00f6t Puheenjohtaja P\u00e4ivi Myllynen Sihteeri [&hellip;]<\/p>\n","protected":false},"author":1,"featured_media":0,"parent":0,"menu_order":0,"comment_status":"closed","ping_status":"open","template":"","meta":{"footnotes":""},"class_list":["post-2","page","type-page","status-publish","hentry"],"_links":{"self":[{"href":"https:\/\/kainuunkirjailijat.fi\/index.php\/wp-json\/wp\/v2\/pages\/2","targetHints":{"allow":["GET"]}}],"collection":[{"href":"https:\/\/kainuunkirjailijat.fi\/index.php\/wp-json\/wp\/v2\/pages"}],"about":[{"href":"https:\/\/kainuunkirjailijat.fi\/index.php\/wp-json\/wp\/v2\/types\/page"}],"author":[{"embeddable":true,"href":"https:\/\/kainuunkirjailijat.fi\/index.php\/wp-json\/wp\/v2\/users\/1"}],"replies":[{"embeddable":true,"href":"https:\/\/kainuunkirjailijat.fi\/index.php\/wp-json\/wp\/v2\/comments?post=2"}],"version-history":[{"count":8,"href":"https:\/\/kainuunkirjailijat.fi\/index.php\/wp-json\/wp\/v2\/pages\/2\/revisions"}],"predecessor-version":[{"id":291,"href":"https:\/\/kainuunkirjailijat.fi\/index.php\/wp-json\/wp\/v2\/pages\/2\/revisions\/291"}],"wp:attachment":[{"href":"https:\/\/kainuunkirjailijat.fi\/index.php\/wp-json\/wp\/v2\/media?parent=2"}],"curies":[{"name":"wp","href":"https:\/\/api.w.org\/{rel}","templated":true}]}}