{"id":71,"date":"2024-08-31T16:13:29","date_gmt":"2024-08-31T16:13:29","guid":{"rendered":"https:\/\/kainuunkirjailijat.fi\/?page_id=71"},"modified":"2025-02-12T17:45:22","modified_gmt":"2025-02-12T17:45:22","slug":"lainanpaiva","status":"publish","type":"page","link":"https:\/\/kainuunkirjailijat.fi\/index.php\/lainanpaiva\/","title":{"rendered":"Runoja lainanp\u00e4iv\u00e4n\u00e4"},"content":{"rendered":"<p style=\"text-align: left;\">Kainuun kirjailijat kokoaa ja julkaisee vuotuisen runokokoelman <a href=\"https:\/\/www.tapahtumienkainuu.fi\/fi-FI\/page\/65ba144e69326669615cd7bc?source_widget_id=648fea9976d6b41f21b05a30\">Lainanp\u00e4iv\u00e4n<\/a> kunniaksi.<\/p>\n<p><img loading=\"lazy\" decoding=\"async\" class=\"size-medium wp-image-120 alignnone\" src=\"https:\/\/kainuunkirjailijat.fi\/wp-content\/uploads\/2024\/09\/Screenshot-2024-09-01-at-10.05.29-207x300.png\" alt=\"\" width=\"207\" height=\"300\" srcset=\"https:\/\/kainuunkirjailijat.fi\/wp-content\/uploads\/2024\/09\/Screenshot-2024-09-01-at-10.05.29-207x300.png 207w, https:\/\/kainuunkirjailijat.fi\/wp-content\/uploads\/2024\/09\/Screenshot-2024-09-01-at-10.05.29-707x1024.png 707w, https:\/\/kainuunkirjailijat.fi\/wp-content\/uploads\/2024\/09\/Screenshot-2024-09-01-at-10.05.29.png 748w\" sizes=\"auto, (max-width: 207px) 100vw, 207px\" \/> \u00a0<img loading=\"lazy\" decoding=\"async\" class=\"size-medium wp-image-121 alignright\" src=\"https:\/\/kainuunkirjailijat.fi\/wp-content\/uploads\/2024\/09\/Screenshot-2024-09-01-at-10.05.42-215x300.png\" alt=\"\" width=\"215\" height=\"300\" srcset=\"https:\/\/kainuunkirjailijat.fi\/wp-content\/uploads\/2024\/09\/Screenshot-2024-09-01-at-10.05.42-215x300.png 215w, https:\/\/kainuunkirjailijat.fi\/wp-content\/uploads\/2024\/09\/Screenshot-2024-09-01-at-10.05.42-733x1024.png 733w, https:\/\/kainuunkirjailijat.fi\/wp-content\/uploads\/2024\/09\/Screenshot-2024-09-01-at-10.05.42-768x1073.png 768w, https:\/\/kainuunkirjailijat.fi\/wp-content\/uploads\/2024\/09\/Screenshot-2024-09-01-at-10.05.42.png 882w\" sizes=\"auto, (max-width: 215px) 100vw, 215px\" \/><\/p>\n<p style=\"text-align: center;\">Voit lukea vihkoja omalla laitteellasi.<\/p>\n<p style=\"text-align: center;\">Lue <a href=\"https:\/\/kainuunkirjailijat.fi\/wp-content\/uploads\/2024\/08\/lainanp2013.pdf\">Runoja lainanp\u00e4iv\u00e4n\u00e4 2013<\/a><br \/>\nLue <a href=\"https:\/\/kainuunkirjailijat.fi\/wp-content\/uploads\/2024\/08\/lainanp2014.pdf\">Runoja lainanp\u00e4iv\u00e4n\u00e4 2014<\/a><br \/>\nLue <a href=\"https:\/\/kainuunkirjailijat.fi\/wp-content\/uploads\/2024\/08\/lainanp2015.pdf\">Runoja lainanp\u00e4iv\u00e4n\u00e4 2015<\/a><br \/>\nLue <a href=\"https:\/\/kainuunkirjailijat.fi\/wp-content\/uploads\/2024\/08\/lainanp2016.pdf\">Runoja lainanp\u00e4iv\u00e4n\u00e4 2016<\/a><br \/>\nLue <a href=\"https:\/\/kainuunkirjailijat.fi\/wp-content\/uploads\/2024\/08\/lainanpaiva2021.pdf\">Runoja lainanp\u00e4iv\u00e4n\u00e4 2021<\/a><br \/>\nLue <a href=\"https:\/\/kainuunkirjailijat.fi\/wp-content\/uploads\/2024\/08\/lainanp2022.pdf\">Runoja lainanp\u00e4iv\u00e4n\u00e4 2022<\/a><br \/>\nLue <a href=\"https:\/\/kainuunkirjailijat.fi\/wp-content\/uploads\/2024\/08\/lainanp2023.pdf\">Runoja lainanp\u00e4iv\u00e4n\u00e4 2023<\/a><br \/>\nLue <a href=\"https:\/\/kainuunkirjailijat.fi\/wp-content\/uploads\/2024\/08\/runoja_lainanpaivana_2024.pdf\">Runoja lainanp\u00e4iv\u00e4n\u00e4 2024<\/a><br \/>\nLue <a href=\"https:\/\/kainuunkirjailijat.fi\/wp-content\/uploads\/2025\/01\/runoja_lainanpaivana_2025.pdf\">Runoja lainanp\u00e4iv\u00e4n\u00e4 2025<\/a><\/p>\n<p>&nbsp;<\/p>\n","protected":false},"excerpt":{"rendered":"<p>Kainuun kirjailijat kokoaa ja julkaisee vuotuisen runokokoelman Lainanp\u00e4iv\u00e4n kunniaksi. \u00a0 Voit lukea vihkoja omalla laitteellasi. [&hellip;]<\/p>\n","protected":false},"author":1,"featured_media":0,"parent":0,"menu_order":0,"comment_status":"closed","ping_status":"closed","template":"","meta":{"footnotes":""},"class_list":["post-71","page","type-page","status-publish","hentry"],"_links":{"self":[{"href":"https:\/\/kainuunkirjailijat.fi\/index.php\/wp-json\/wp\/v2\/pages\/71","targetHints":{"allow":["GET"]}}],"collection":[{"href":"https:\/\/kainuunkirjailijat.fi\/index.php\/wp-json\/wp\/v2\/pages"}],"about":[{"href":"https:\/\/kainuunkirjailijat.fi\/index.php\/wp-json\/wp\/v2\/types\/page"}],"author":[{"embeddable":true,"href":"https:\/\/kainuunkirjailijat.fi\/index.php\/wp-json\/wp\/v2\/users\/1"}],"replies":[{"embeddable":true,"href":"https:\/\/kainuunkirjailijat.fi\/index.php\/wp-json\/wp\/v2\/comments?post=71"}],"version-history":[{"count":16,"href":"https:\/\/kainuunkirjailijat.fi\/index.php\/wp-json\/wp\/v2\/pages\/71\/revisions"}],"predecessor-version":[{"id":218,"href":"https:\/\/kainuunkirjailijat.fi\/index.php\/wp-json\/wp\/v2\/pages\/71\/revisions\/218"}],"wp:attachment":[{"href":"https:\/\/kainuunkirjailijat.fi\/index.php\/wp-json\/wp\/v2\/media?parent=71"}],"curies":[{"name":"wp","href":"https:\/\/api.w.org\/{rel}","templated":true}]}}